{"id":961,"date":"2026-03-28T23:57:42","date_gmt":"2026-03-29T02:57:42","guid":{"rendered":"https:\/\/vivenciasememoria.com.br\/itaguai\/?page_id=961"},"modified":"2026-03-29T16:05:05","modified_gmt":"2026-03-29T19:05:05","slug":"agradecimentos","status":"publish","type":"page","link":"https:\/\/vivenciasememoria.com.br\/itaguai\/agradecimentos\/","title":{"rendered":"Agradecimentos"},"content":{"rendered":"\t\t<div data-elementor-type=\"wp-page\" data-elementor-id=\"961\" class=\"elementor elementor-961\" data-elementor-post-type=\"page\">\n\t\t\t\t\t\t<section class=\"elementor-section elementor-top-section elementor-element elementor-element-1b8da92 elementor-section-height-min-height elementor-section-boxed elementor-section-height-default elementor-section-items-middle\" data-id=\"1b8da92\" data-element_type=\"section\" data-e-type=\"section\" data-settings=\"{&quot;background_background&quot;:&quot;classic&quot;,&quot;shape_divider_bottom&quot;:&quot;mountains&quot;}\">\n\t\t\t\t\t<div class=\"elementor-shape elementor-shape-bottom\" aria-hidden=\"true\" data-negative=\"false\">\n\t\t\t<svg xmlns=\"http:\/\/www.w3.org\/2000\/svg\" viewBox=\"0 0 1000 100\" preserveAspectRatio=\"none\">\n\t<path class=\"elementor-shape-fill\" opacity=\"0.33\" d=\"M473,67.3c-203.9,88.3-263.1-34-320.3,0C66,119.1,0,59.7,0,59.7V0h1000v59.7 c0,0-62.1,26.1-94.9,29.3c-32.8,3.3-62.8-12.3-75.8-22.1C806,49.6,745.3,8.7,694.9,4.7S492.4,59,473,67.3z\"\/>\n\t<path class=\"elementor-shape-fill\" opacity=\"0.66\" d=\"M734,67.3c-45.5,0-77.2-23.2-129.1-39.1c-28.6-8.7-150.3-10.1-254,39.1 s-91.7-34.4-149.2,0C115.7,118.3,0,39.8,0,39.8V0h1000v36.5c0,0-28.2-18.5-92.1-18.5C810.2,18.1,775.7,67.3,734,67.3z\"\/>\n\t<path class=\"elementor-shape-fill\" d=\"M766.1,28.9c-200-57.5-266,65.5-395.1,19.5C242,1.8,242,5.4,184.8,20.6C128,35.8,132.3,44.9,89.9,52.5C28.6,63.7,0,0,0,0 h1000c0,0-9.9,40.9-83.6,48.1S829.6,47,766.1,28.9z\"\/>\n<\/svg>\t\t<\/div>\n\t\t\t\t\t<div class=\"elementor-container elementor-column-gap-default\">\n\t\t\t\t\t<div class=\"elementor-column elementor-col-100 elementor-top-column elementor-element elementor-element-ff6338c\" data-id=\"ff6338c\" data-element_type=\"column\" data-e-type=\"column\">\n\t\t\t<div class=\"elementor-widget-wrap elementor-element-populated\">\n\t\t\t\t\t\t<div class=\"elementor-element elementor-element-435d3bb elementor-widget elementor-widget-spacer\" data-id=\"435d3bb\" data-element_type=\"widget\" data-e-type=\"widget\" data-widget_type=\"spacer.default\">\n\t\t\t\t<div class=\"elementor-widget-container\">\n\t\t\t\t\t\t\t<div class=\"elementor-spacer\">\n\t\t\t<div class=\"elementor-spacer-inner\"><\/div>\n\t\t<\/div>\n\t\t\t\t\t\t<\/div>\n\t\t\t\t<\/div>\n\t\t\t\t<div class=\"elementor-element elementor-element-3bae961 elementor-widget elementor-widget-heading\" data-id=\"3bae961\" data-element_type=\"widget\" data-e-type=\"widget\" data-widget_type=\"heading.default\">\n\t\t\t\t<div class=\"elementor-widget-container\">\n\t\t\t\t\t<h1 class=\"elementor-heading-title elementor-size-default\">Agradecimentos especiais<\/h1>\t\t\t\t<\/div>\n\t\t\t\t<\/div>\n\t\t\t\t<div class=\"elementor-element elementor-element-1f10d4b elementor-widget elementor-widget-spacer\" data-id=\"1f10d4b\" data-element_type=\"widget\" data-e-type=\"widget\" data-widget_type=\"spacer.default\">\n\t\t\t\t<div class=\"elementor-widget-container\">\n\t\t\t\t\t\t\t<div class=\"elementor-spacer\">\n\t\t\t<div class=\"elementor-spacer-inner\"><\/div>\n\t\t<\/div>\n\t\t\t\t\t\t<\/div>\n\t\t\t\t<\/div>\n\t\t\t\t\t<\/div>\n\t\t<\/div>\n\t\t\t\t\t<\/div>\n\t\t<\/section>\n\t\t\t\t<section class=\"elementor-section elementor-top-section elementor-element elementor-element-1266187 elementor-section-height-min-height elementor-section-boxed elementor-section-height-default elementor-section-items-middle\" data-id=\"1266187\" data-element_type=\"section\" data-e-type=\"section\" data-settings=\"{&quot;background_background&quot;:&quot;classic&quot;,&quot;shape_divider_bottom&quot;:&quot;mountains&quot;}\">\n\t\t\t\t\t<div class=\"elementor-shape elementor-shape-bottom\" aria-hidden=\"true\" data-negative=\"false\">\n\t\t\t<svg xmlns=\"http:\/\/www.w3.org\/2000\/svg\" viewBox=\"0 0 1000 100\" preserveAspectRatio=\"none\">\n\t<path class=\"elementor-shape-fill\" opacity=\"0.33\" d=\"M473,67.3c-203.9,88.3-263.1-34-320.3,0C66,119.1,0,59.7,0,59.7V0h1000v59.7 c0,0-62.1,26.1-94.9,29.3c-32.8,3.3-62.8-12.3-75.8-22.1C806,49.6,745.3,8.7,694.9,4.7S492.4,59,473,67.3z\"\/>\n\t<path class=\"elementor-shape-fill\" opacity=\"0.66\" d=\"M734,67.3c-45.5,0-77.2-23.2-129.1-39.1c-28.6-8.7-150.3-10.1-254,39.1 s-91.7-34.4-149.2,0C115.7,118.3,0,39.8,0,39.8V0h1000v36.5c0,0-28.2-18.5-92.1-18.5C810.2,18.1,775.7,67.3,734,67.3z\"\/>\n\t<path class=\"elementor-shape-fill\" d=\"M766.1,28.9c-200-57.5-266,65.5-395.1,19.5C242,1.8,242,5.4,184.8,20.6C128,35.8,132.3,44.9,89.9,52.5C28.6,63.7,0,0,0,0 h1000c0,0-9.9,40.9-83.6,48.1S829.6,47,766.1,28.9z\"\/>\n<\/svg>\t\t<\/div>\n\t\t\t\t\t<div class=\"elementor-container elementor-column-gap-default\">\n\t\t\t\t\t<div class=\"elementor-column elementor-col-100 elementor-top-column elementor-element elementor-element-220fe7f\" data-id=\"220fe7f\" data-element_type=\"column\" data-e-type=\"column\">\n\t\t\t<div class=\"elementor-widget-wrap elementor-element-populated\">\n\t\t\t\t\t\t<div class=\"elementor-element elementor-element-286840e elementor-widget elementor-widget-spacer\" data-id=\"286840e\" data-element_type=\"widget\" data-e-type=\"widget\" data-widget_type=\"spacer.default\">\n\t\t\t\t<div class=\"elementor-widget-container\">\n\t\t\t\t\t\t\t<div class=\"elementor-spacer\">\n\t\t\t<div class=\"elementor-spacer-inner\"><\/div>\n\t\t<\/div>\n\t\t\t\t\t\t<\/div>\n\t\t\t\t<\/div>\n\t\t\t\t<div class=\"elementor-element elementor-element-a63a7e2 elementor-widget__width-initial elementor-widget elementor-widget-text-editor\" data-id=\"a63a7e2\" data-element_type=\"widget\" data-e-type=\"widget\" data-settings=\"{&quot;motion_fx_motion_fx_scrolling&quot;:&quot;yes&quot;,&quot;motion_fx_opacity_effect&quot;:&quot;yes&quot;,&quot;motion_fx_opacity_range&quot;:{&quot;unit&quot;:&quot;%&quot;,&quot;size&quot;:&quot;&quot;,&quot;sizes&quot;:{&quot;start&quot;:10,&quot;end&quot;:39}},&quot;motion_fx_opacity_direction&quot;:&quot;out-in&quot;,&quot;motion_fx_opacity_level&quot;:{&quot;unit&quot;:&quot;px&quot;,&quot;size&quot;:10,&quot;sizes&quot;:[]},&quot;motion_fx_devices&quot;:[&quot;desktop&quot;,&quot;tablet&quot;,&quot;mobile&quot;]}\" data-widget_type=\"text-editor.default\">\n\t\t\t\t<div class=\"elementor-widget-container\">\n\t\t\t\t\t\t\t\t\t<p>A <strong>exposi\u00e7\u00e3o &#8220;Viv\u00eancias e Mem\u00f3ria &#8211; Itagua\u00ed&#8221;<\/strong> \u00e9 poss\u00edvel gra\u00e7as a quem se disponibilizou a abrir o cora\u00e7\u00e3o e, gentilmente, compartilhou a sua conex\u00e3o com a cidade do seu jeito, nos seus termos, tendo como \u00fanico compromisso homenagear Itagua\u00ed.<br \/><br \/><\/p><p><strong>Aos participantes, o nosso agradecimento.<\/strong><\/p>\t\t\t\t\t\t\t\t<\/div>\n\t\t\t\t<\/div>\n\t\t\t\t<div class=\"elementor-element elementor-element-99ae6b1 elementor-widget-divider--view-line elementor-widget elementor-widget-divider\" data-id=\"99ae6b1\" data-element_type=\"widget\" data-e-type=\"widget\" data-widget_type=\"divider.default\">\n\t\t\t\t<div class=\"elementor-widget-container\">\n\t\t\t\t\t\t\t<div class=\"elementor-divider\">\n\t\t\t<span class=\"elementor-divider-separator\">\n\t\t\t\t\t\t<\/span>\n\t\t<\/div>\n\t\t\t\t\t\t<\/div>\n\t\t\t\t<\/div>\n\t\t\t\t<div class=\"elementor-element elementor-element-f74707a elementor-widget__width-initial elementor-widget elementor-widget-text-editor\" data-id=\"f74707a\" data-element_type=\"widget\" data-e-type=\"widget\" data-settings=\"{&quot;motion_fx_motion_fx_scrolling&quot;:&quot;yes&quot;,&quot;motion_fx_devices&quot;:[&quot;desktop&quot;,&quot;tablet&quot;,&quot;mobile&quot;]}\" data-widget_type=\"text-editor.default\">\n\t\t\t\t<div class=\"elementor-widget-container\">\n\t\t\t\t\t\t\t\t\t<p>Ademir Ramos \u2022 Admilson Gouveia \u2022 Adriana Almeida da Silva \u2022 Adriana Silva \u2022 Adriano Ara\u00fajo \u2022 Adriano Didi \u2022 Adriano Sampaio \u2022 Alberto Gomes \u2022 Alexandre Damascena \u2022 Alexandre Modres \u2022 Aline Fernandes Melo \u2022 Almir Rosa de S\u00e1 \u2022 Amanda Candido Jesus \u2022 Amauri Cabral \u2022 Ana Cristina Moreira \u2022 Ana Elisia Gon\u00e7alves \u2022 Andr\u00e9 Alves \u2022 Anna Roque \u2022 Ant\u00f4nio dos Santos Sim\u00e3o \u2022 Arilson Gomes \u2022 Biraci \u2022 Carla de S\u00e1 \u2022 Cec\u00edlia Margarida Amaral Tupinamb\u00e1 \u2022 C\u00e9lia Nunes Cunha Alves \u2022 C\u00e9lia Silva Santos \u2022 Cidinha \u2022 Cleber da Silva Marques \u2022 Cleonice \u2022 Cristina \u2022 Dalva Vieira de Carvalho \u2022 Danielle Valente de Oliveira \u2022 Denise Venerando de Oliveira \u2022 Deocimar Domingues Vicente \u2022 Devani Correa \u2022 Djalma da Concei\u00e7\u00e3o \u2022 Dulcin\u00e9a Bastos Vargas Rodrigues \u2022 Eduardo de Almeida Vieira \u2022 Elaine Poubel \u2022 Elenir da Costa \u2022 Elzeni \u2022 Eneuda Maria \u2022 Eraldo Lima da Silva \u2022 Fabiana Sim\u00f5es \u2022 F\u00e1bio Jos\u00e9 Francisco \u2022 Fernanda Amaral Soares \u2022 Fernanda dos Santos \u2022 Fl\u00e1vio Fausto Pimentel \u2022 Francisca das Chagas \u2022 Francisco de Assis Mendes \u2022 Gabriela Martins \u2022 Geni C. Vieira Louren\u00e7o \u2022 Geraldina Nepomuceno \u2022 Geraldo Batista Barbosa \u2022 Gilmar Alziro Lopes \u2022 Giovanni L\u00edrio Vellasco \u2022 Gleice Ferreira \u2022 Iago Jos\u00e9 L\u00f3i do Nascimento \u2022 Ilca de Lourdes Cruz dos Santos \u2022 Isaias Charles da Silva \u2022 Isa\u00edas Lage \u2022 Isida \u2022 Ivan Castro \u2022 Ivo Rodrigues Ferreira \u2022 Izonete Ramos \u2022 Jacira \u2022 Jo\u00e3o Nilo da Mota Paz \u2022 Jo\u00e3o Vitor Teixeira Leite \u2022 Joarez \u2022 Jorge da Silva Romildo \u2022 Jorge Ferreira dos Santos Nascimento \u2022 Jorge Lua e Sol \u2022 Jos\u00e9 dos Reis \u2022 Josefa Xavier Brand\u00e3o \u2022 Joyciene Carolina \u2022 Juliana Sena \u2022 Katharos Proposito \u2022 Laurinda Flor \u2022 Leopoldo Heitor Mendon\u00e7a Vaz \u2022 Luciana Duarte dos Santos \u2022 Luciano da Silva Martins \u2022 Luciano Lima Barros \u2022 Luciene Rodriguez \u2022 Mael Silva \u2022 Magda \u2022 Maikel Cruz \u2022 Manuelina dos Santos \u2022 Marcilei Moura \u2022 Maria Aparecida dos Reis \u2022 Maria Auxiliadora Santos Pereira da Silva \u2022 Maria Cabral \u2022 Maria C\u00e2ndida Soares Lopes e Silva \u2022 Maria da Concei\u00e7\u00e3o de Aquino Andrade \u2022 Maria da Gl\u00f3ria \u2022 Maria da Silva \u2022 Maria de F\u00e1tima de Castro Silva Santos \u2022 Maria Eduarda Souza da Silva \u2022 Maria Helenilda Marques da Silva \u2022 Maria Od\u00edlia de Mello Zanardi \u2022 Marilene Ribeiro \u2022 Marina Barros Ferreira Sobrinha \u2022 M\u00e1rio Eduardo de Moraes Veloso \u2022 Marlene Teixeira de Jesus \u2022 Minelvina \u2022 Miriam Bondim \u2022 Mirlene Gualandi de S\u00e1 \u2022 N\u00e1dia da Silva Barbosa Chaves \u2022 Neide Souza \u2022 Neilsa da Silva de Souza \u2022 Nelson Ferreira da Rosa \u2022 Nelson Pinto dos Santos \u2022 Obadias Lima Guimar\u00e3es \u2022 Osvaldo Soares do Nascimento Filho \u2022 Patricia Tupinamb\u00e1 Fernandes de Almeida \u2022 Pedro Ad\u00e3o da Silva \u2022 Pituca da Feira \u2022 Rafael Aleixo \u2022 Rafael Otoni \u2022 Regina C\u00e9lia Viana Esteves \u2022 Renato Reis \u2022 Roberto Barbosa \u2022 Roberto de Oliveira Novaes \u2022 Rosana Dias de Ara\u00fajo \u2022 Rosemari Pacheco De Lima \u2022 Rosilane Viana \u2022 Rosin\u00e9ia Faria Coutinho \u2022 Rozicler \u2022 Sara Pereira Horsth \u2022 S\u00e9rgio Espinola \u2022 S\u00e9rgio Luiz de Oliveira \u2022 Sida \u2022 Silv\u00e2nia Dias Assis de Oliveira \u2022 Silvia L\u00facia dos Santos \u2022 Simeire \u2022 Sirlei Barbosa dos Santos Pereira \u2022 Sonia Maria da Silva \u2022 S\u00f4nia Santos de Oliveira \u2022 Sonira Barbosa da Silva \u2022 Sueli \u2022 Tain\u00e1 Pandela Praga \u2022 Tauaney Quirino Barbosa \u2022 Thais Guerra \u2022 Ulysseia \u2022 Urania Paes Barreto Prado \u2022 Valdineia Cilene de Oliveira \u2022 Valdir Evangelista \u2022 Val\u00e9ria de Souza \u2022 Val\u00e9ria Teixeira de Abreu \u2022 Valnei Costa \u2022 Vanda Teixeira Santos Giovanetti \u2022 Vanilda Mendes \u2022 Victor Hugo \u2022 Vilma Costa \u2022 Vilma Martins \u2022 Vilmar dos Santos Cavalcante \u2022 Vit\u00f3ria da Silva \u2022 Wallace da Silva \u2022 Washington Luis Kirk \u2022 Wellington Costa dos Santos \u2022 Willian Cesar \u2022 Zeni Maria Barbosa \u2022 Zenia Ricas<\/p>\t\t\t\t\t\t\t\t<\/div>\n\t\t\t\t<\/div>\n\t\t\t\t<div class=\"elementor-element elementor-element-fa13555 elementor-widget elementor-widget-spacer\" data-id=\"fa13555\" data-element_type=\"widget\" data-e-type=\"widget\" id=\"ficha\" data-widget_type=\"spacer.default\">\n\t\t\t\t<div class=\"elementor-widget-container\">\n\t\t\t\t\t\t\t<div class=\"elementor-spacer\">\n\t\t\t<div class=\"elementor-spacer-inner\"><\/div>\n\t\t<\/div>\n\t\t\t\t\t\t<\/div>\n\t\t\t\t<\/div>\n\t\t\t\t\t<\/div>\n\t\t<\/div>\n\t\t\t\t\t<\/div>\n\t\t<\/section>\n\t\t\t\t<section class=\"elementor-section elementor-top-section elementor-element elementor-element-778fcde elementor-section-height-min-height elementor-section-boxed elementor-section-height-default elementor-section-items-middle\" data-id=\"778fcde\" data-element_type=\"section\" data-e-type=\"section\" data-settings=\"{&quot;background_background&quot;:&quot;classic&quot;}\">\n\t\t\t\t\t\t<div class=\"elementor-container elementor-column-gap-default\">\n\t\t\t\t\t<div class=\"elementor-column elementor-col-100 elementor-top-column elementor-element elementor-element-3cc232f4\" data-id=\"3cc232f4\" data-element_type=\"column\" data-e-type=\"column\">\n\t\t\t<div class=\"elementor-widget-wrap elementor-element-populated\">\n\t\t\t\t\t\t<div class=\"elementor-element elementor-element-15d4f90 elementor-widget elementor-widget-spacer\" data-id=\"15d4f90\" data-element_type=\"widget\" data-e-type=\"widget\" data-widget_type=\"spacer.default\">\n\t\t\t\t<div class=\"elementor-widget-container\">\n\t\t\t\t\t\t\t<div class=\"elementor-spacer\">\n\t\t\t<div class=\"elementor-spacer-inner\"><\/div>\n\t\t<\/div>\n\t\t\t\t\t\t<\/div>\n\t\t\t\t<\/div>\n\t\t\t\t<div class=\"elementor-element elementor-element-1b71e848 elementor-widget elementor-widget-heading\" data-id=\"1b71e848\" data-element_type=\"widget\" data-e-type=\"widget\" data-widget_type=\"heading.default\">\n\t\t\t\t<div class=\"elementor-widget-container\">\n\t\t\t\t\t<h1 class=\"elementor-heading-title elementor-size-default\">Ficha t\u00e9cnica<\/h1>\t\t\t\t<\/div>\n\t\t\t\t<\/div>\n\t\t\t\t\t<\/div>\n\t\t<\/div>\n\t\t\t\t\t<\/div>\n\t\t<\/section>\n\t\t\t\t<section class=\"elementor-section elementor-top-section elementor-element elementor-element-50b8f05 elementor-section-height-min-height elementor-section-boxed elementor-section-height-default elementor-section-items-middle\" data-id=\"50b8f05\" data-element_type=\"section\" data-e-type=\"section\" data-settings=\"{&quot;background_background&quot;:&quot;classic&quot;,&quot;shape_divider_bottom&quot;:&quot;mountains&quot;}\">\n\t\t\t\t\t<div class=\"elementor-shape elementor-shape-bottom\" aria-hidden=\"true\" data-negative=\"false\">\n\t\t\t<svg xmlns=\"http:\/\/www.w3.org\/2000\/svg\" viewBox=\"0 0 1000 100\" preserveAspectRatio=\"none\">\n\t<path class=\"elementor-shape-fill\" opacity=\"0.33\" d=\"M473,67.3c-203.9,88.3-263.1-34-320.3,0C66,119.1,0,59.7,0,59.7V0h1000v59.7 c0,0-62.1,26.1-94.9,29.3c-32.8,3.3-62.8-12.3-75.8-22.1C806,49.6,745.3,8.7,694.9,4.7S492.4,59,473,67.3z\"\/>\n\t<path class=\"elementor-shape-fill\" opacity=\"0.66\" d=\"M734,67.3c-45.5,0-77.2-23.2-129.1-39.1c-28.6-8.7-150.3-10.1-254,39.1 s-91.7-34.4-149.2,0C115.7,118.3,0,39.8,0,39.8V0h1000v36.5c0,0-28.2-18.5-92.1-18.5C810.2,18.1,775.7,67.3,734,67.3z\"\/>\n\t<path class=\"elementor-shape-fill\" d=\"M766.1,28.9c-200-57.5-266,65.5-395.1,19.5C242,1.8,242,5.4,184.8,20.6C128,35.8,132.3,44.9,89.9,52.5C28.6,63.7,0,0,0,0 h1000c0,0-9.9,40.9-83.6,48.1S829.6,47,766.1,28.9z\"\/>\n<\/svg>\t\t<\/div>\n\t\t\t\t\t<div class=\"elementor-container elementor-column-gap-default\">\n\t\t\t\t\t<div class=\"elementor-column elementor-col-50 elementor-top-column elementor-element elementor-element-a31e1ef\" data-id=\"a31e1ef\" data-element_type=\"column\" data-e-type=\"column\" data-settings=\"{&quot;background_background&quot;:&quot;classic&quot;}\">\n\t\t\t<div class=\"elementor-widget-wrap elementor-element-populated\">\n\t\t\t\t\t\t<div class=\"elementor-element elementor-element-c33e736 elementor-hidden-mobile elementor-widget elementor-widget-spacer\" data-id=\"c33e736\" data-element_type=\"widget\" data-e-type=\"widget\" data-widget_type=\"spacer.default\">\n\t\t\t\t<div class=\"elementor-widget-container\">\n\t\t\t\t\t\t\t<div class=\"elementor-spacer\">\n\t\t\t<div class=\"elementor-spacer-inner\"><\/div>\n\t\t<\/div>\n\t\t\t\t\t\t<\/div>\n\t\t\t\t<\/div>\n\t\t\t\t\t<\/div>\n\t\t<\/div>\n\t\t\t\t<div class=\"elementor-column elementor-col-50 elementor-top-column elementor-element elementor-element-e565fec\" data-id=\"e565fec\" data-element_type=\"column\" data-e-type=\"column\">\n\t\t\t<div class=\"elementor-widget-wrap elementor-element-populated\">\n\t\t\t\t\t\t<div class=\"elementor-element elementor-element-4720be5 elementor-widget elementor-widget-text-editor\" data-id=\"4720be5\" data-element_type=\"widget\" data-e-type=\"widget\" data-widget_type=\"text-editor.default\">\n\t\t\t\t<div class=\"elementor-widget-container\">\n\t\t\t\t\t\t\t\t\t<p data-path-to-node=\"1\"><b data-path-to-node=\"1\" data-index-in-node=\"0\">Realiza\u00e7\u00e3o:<\/b> Instituto Cultural Cidade Viva<\/p><p data-path-to-node=\"1\">\u00a0<\/p><p data-path-to-node=\"2\"><b data-path-to-node=\"2\" data-index-in-node=\"0\">Gest\u00e3o Executiva:<\/b> Natale Onofre<\/p><p data-path-to-node=\"2\"><b data-path-to-node=\"2\" data-index-in-node=\"32\">Produ\u00e7\u00e3o Executiva:<\/b> Yuri Maia<\/p><p data-path-to-node=\"2\"><b data-path-to-node=\"2\" data-index-in-node=\"62\">Equipe de Produ\u00e7\u00e3o:<\/b> Fabiano Carneiro e Carolina Ramos<\/p><p data-path-to-node=\"2\"><b data-path-to-node=\"2\" data-index-in-node=\"116\">Equipe Administrativa:<\/b> Roberta Abreu, Adriana Rocha e Ana Carolina Gonzalez<\/p><p data-path-to-node=\"2\"><b data-path-to-node=\"2\" data-index-in-node=\"192\">Assessoria Jur\u00eddica:<\/b> Rozanny Maia<\/p><p data-path-to-node=\"2\"><b data-path-to-node=\"2\" data-index-in-node=\"226\">Projeto Museol\u00f3gico e <\/b><b data-path-to-node=\"2\" data-index-in-node=\"226\">Produ\u00e7\u00e3o de Texto:<\/b> Elisa Colepicolo | Acervo em Casa<\/p><p data-path-to-node=\"2\"><b data-path-to-node=\"2\" data-index-in-node=\"301\">Projeto Gr\u00e1fico:<\/b> Cristina Hintze | Heent<\/p><p data-path-to-node=\"2\"><b data-path-to-node=\"2\" data-index-in-node=\"342\">Pesquisa e Revis\u00e3o de\u00a0<\/b><b style=\"font-size: inherit; text-align: inherit; letter-spacing: 1.4px;\" data-path-to-node=\"2\" data-index-in-node=\"342\">Conte\u00fado:<\/b><span style=\"font-size: inherit; text-align: inherit; letter-spacing: 1.4px;\"> Mirian Bondim<\/span><\/p><p data-path-to-node=\"2\"><b data-path-to-node=\"2\" data-index-in-node=\"388\">Fotografia:<\/b> Elisa Colepicolo e MM Studio Cultural<\/p><p data-path-to-node=\"2\"><b data-path-to-node=\"2\" data-index-in-node=\"438\">Assessoria de Comunica\u00e7\u00e3o:<\/b> Christina Lima | Cafun\u00e9 Comunica\u00e7\u00e3o<\/p><p data-path-to-node=\"2\"><b data-path-to-node=\"2\" data-index-in-node=\"501\">M\u00eddias Sociais:<\/b> Gabriela Martins e Grupo Comunicare<\/p><p data-path-to-node=\"2\"><b data-path-to-node=\"2\" data-index-in-node=\"553\">Coordena\u00e7\u00e3o Audiovisual:<\/b> MM Studio Cultural<\/p><p data-path-to-node=\"2\"><b data-path-to-node=\"2\" data-index-in-node=\"597\">Revis\u00e3o Ortogr\u00e1fica:<\/b> Christina Lima<\/p><p data-path-to-node=\"2\"><b data-path-to-node=\"2\" data-index-in-node=\"633\">Acessibilidade:<\/b> Set Cenografia e Arquitetura<\/p><p data-path-to-node=\"2\"><b data-path-to-node=\"2\" data-index-in-node=\"678\">Site e Exposi\u00e7\u00e3o Virtual:<\/b> MM Studio Cultural<\/p><p data-path-to-node=\"2\"><b data-path-to-node=\"2\" data-index-in-node=\"723\">Cenografia:<\/b> Set Cenografia e Arquitetura<\/p>\t\t\t\t\t\t\t\t<\/div>\n\t\t\t\t<\/div>\n\t\t\t\t\t<\/div>\n\t\t<\/div>\n\t\t\t\t\t<\/div>\n\t\t<\/section>\n\t\t\t\t<\/div>\n\t\t","protected":false},"excerpt":{"rendered":"<p>Agradecimentos especiais A exposi\u00e7\u00e3o &#8220;Viv\u00eancias e Mem\u00f3ria &#8211; Itagua\u00ed&#8221; \u00e9 poss\u00edvel gra\u00e7as a quem se disponibilizou a abrir o cora\u00e7\u00e3o e, gentilmente, compartilhou a sua conex\u00e3o com a cidade do seu jeito, nos seus termos, tendo como \u00fanico compromisso homenagear Itagua\u00ed. Aos participantes, o nosso agradecimento. Ademir Ramos \u2022 Admilson Gouveia \u2022 Adriana Almeida da [&hellip;]<\/p>\n","protected":false},"author":1,"featured_media":0,"parent":0,"menu_order":0,"comment_status":"closed","ping_status":"closed","template":"elementor_header_footer","meta":{"footnotes":""},"class_list":["post-961","page","type-page","status-publish","hentry"],"_links":{"self":[{"href":"https:\/\/vivenciasememoria.com.br\/itaguai\/wp-json\/wp\/v2\/pages\/961","targetHints":{"allow":["GET"]}}],"collection":[{"href":"https:\/\/vivenciasememoria.com.br\/itaguai\/wp-json\/wp\/v2\/pages"}],"about":[{"href":"https:\/\/vivenciasememoria.com.br\/itaguai\/wp-json\/wp\/v2\/types\/page"}],"author":[{"embeddable":true,"href":"https:\/\/vivenciasememoria.com.br\/itaguai\/wp-json\/wp\/v2\/users\/1"}],"replies":[{"embeddable":true,"href":"https:\/\/vivenciasememoria.com.br\/itaguai\/wp-json\/wp\/v2\/comments?post=961"}],"version-history":[{"count":13,"href":"https:\/\/vivenciasememoria.com.br\/itaguai\/wp-json\/wp\/v2\/pages\/961\/revisions"}],"predecessor-version":[{"id":1329,"href":"https:\/\/vivenciasememoria.com.br\/itaguai\/wp-json\/wp\/v2\/pages\/961\/revisions\/1329"}],"wp:attachment":[{"href":"https:\/\/vivenciasememoria.com.br\/itaguai\/wp-json\/wp\/v2\/media?parent=961"}],"curies":[{"name":"wp","href":"https:\/\/api.w.org\/{rel}","templated":true}]}}